{"id":279,"date":"2022-04-26T14:17:40","date_gmt":"2022-04-26T14:17:40","guid":{"rendered":"https:\/\/demo.klient-z-internetu.pl\/twojaplatforma\/?page_id=279"},"modified":"2026-02-23T02:55:41","modified_gmt":"2026-02-23T02:55:41","slug":"regulamin-sklepu","status":"publish","type":"page","link":"https:\/\/demo.klient-z-internetu.pl\/twojaplatforma\/regulamin-sklepu\/","title":{"rendered":"Regulamin sklepu"},"content":{"rendered":"\n<div class=\"wp-block-columns is-layout-flex wp-container-core-columns-is-layout-28f84493 wp-block-columns-is-layout-flex\">\n<div class=\"wp-block-column is-layout-flow wp-block-column-is-layout-flow\" style=\"flex-basis:100%\">\n<p><span style=\"font-size: 120%;\">Regulamin sklepu najlepiej je\u015bli napisze prawnik. W tym celu polecam us\u0142ugi <span style=\"color: #0000ff;\"><a style=\"color: #0000ff;\" href=\"https:\/\/adwokatlewandowska.pl\/\" target=\"_blank\" rel=\"noopener\"><span style=\"text-decoration: underline;\">Adwokat Ma\u0142gorzaty Lewandowskiej<\/span><\/a><\/span>.<\/span><\/p>\n<p><span style=\"font-size: 120%;\">Polecam tak\u017ce bardzo dobr\u0105 a i w dobrej cenie ca\u0142y pakiet: regulamin, polityka, RODO i wiele wi\u0119cej, jest to dedykowana us\u0142uga prawna\u00a0<span style=\"text-decoration: underline; color: #0000ff;\"><a style=\"color: #0000ff; text-decoration: underline;\" href=\"https:\/\/www.lexlab.pl\/regulamin-serwisu-internetowego\" target=\"_blank\" rel=\"noopener\">dla serwisu internetowego &gt;&gt;&gt;\u00a0<\/a><\/span><\/span><\/p>\n<p><span style=\"font-size: 120%;\">i\u00a0<span style=\"text-decoration: underline; color: #0000ff;\"><a style=\"color: #0000ff; text-decoration: underline;\" href=\"https:\/\/www.lexlab.pl\/regulamin-sklepu-internetowego?\" target=\"_blank\" rel=\"noopener\">dla sklepu internetowego &gt;&gt;&gt;<\/a><\/span><\/span><\/p>\n<p><span style=\"font-size: 120%;\">Mo\u017cesz te\u017c samodzielnie napisa\u0107 taki regulamin. Mo\u017cesz pos\u0142u\u017cy\u0107 si\u0119 na przyk\u0142ad darmowymi kreatorami takich dokument\u00f3w <span style=\"text-decoration: underline; color: #0000ff;\"><a style=\"color: #0000ff; text-decoration: underline;\" href=\"https:\/\/zyro.com\/pl\/narzedzia\/generator-regulaminu#form\" target=\"_blank\" rel=\"noopener\">na przyk\u0142ad tutaj &gt;&gt;<\/a><\/span><\/span><\/p>\n<\/div>\n<\/div>\n","protected":false},"excerpt":{"rendered":"<p>Regulamin sklepu najlepiej je\u015bli napisze prawnik. W tym celu polecam us\u0142ugi Adwokat Ma\u0142gorzaty Lewandowskiej. Polecam tak\u017ce bardzo dobr\u0105 a i [&hellip;]<\/p>\n","protected":false},"author":1,"featured_media":0,"parent":0,"menu_order":0,"comment_status":"closed","ping_status":"closed","template":"","meta":{"site-sidebar-layout":"default","site-content-layout":"","ast-site-content-layout":"default","site-content-style":"default","site-sidebar-style":"default","ast-global-header-display":"","ast-banner-title-visibility":"","ast-main-header-display":"","ast-hfb-above-header-display":"","ast-hfb-below-header-display":"","ast-hfb-mobile-header-display":"","site-post-title":"","ast-breadcrumbs-content":"","ast-featured-img":"","footer-sml-layout":"","ast-disable-related-posts":"","theme-transparent-header-meta":"","adv-header-id-meta":"","stick-header-meta":"","header-above-stick-meta":"","header-main-stick-meta":"","header-below-stick-meta":"","astra-migrate-meta-layouts":"default","ast-page-background-enabled":"default","ast-page-background-meta":{"desktop":{"background-color":"var(--ast-global-color-5)","background-image":"","background-repeat":"repeat","background-position":"center center","background-size":"auto","background-attachment":"scroll","background-type":"","background-media":"","overlay-type":"","overlay-color":"","overlay-opacity":"","overlay-gradient":""},"tablet":{"background-color":"","background-image":"","background-repeat":"repeat","background-position":"center center","background-size":"auto","background-attachment":"scroll","background-type":"","background-media":"","overlay-type":"","overlay-color":"","overlay-opacity":"","overlay-gradient":""},"mobile":{"background-color":"","background-image":"","background-repeat":"repeat","background-position":"center center","background-size":"auto","background-attachment":"scroll","background-type":"","background-media":"","overlay-type":"","overlay-color":"","overlay-opacity":"","overlay-gradient":""}},"ast-content-background-meta":{"desktop":{"background-color":"var(--ast-global-color-4)","background-image":"","background-repeat":"repeat","background-position":"center center","background-size":"auto","background-attachment":"scroll","background-type":"","background-media":"","overlay-type":"","overlay-color":"","overlay-opacity":"","overlay-gradient":""},"tablet":{"background-color":"var(--ast-global-color-4)","background-image":"","background-repeat":"repeat","background-position":"center center","background-size":"auto","background-attachment":"scroll","background-type":"","background-media":"","overlay-type":"","overlay-color":"","overlay-opacity":"","overlay-gradient":""},"mobile":{"background-color":"var(--ast-global-color-4)","background-image":"","background-repeat":"repeat","background-position":"center center","background-size":"auto","background-attachment":"scroll","background-type":"","background-media":"","overlay-type":"","overlay-color":"","overlay-opacity":"","overlay-gradient":""}},"footnotes":""},"class_list":["post-279","page","type-page","status-publish","hentry"],"_links":{"self":[{"href":"https:\/\/demo.klient-z-internetu.pl\/twojaplatforma\/wp-json\/wp\/v2\/pages\/279","targetHints":{"allow":["GET"]}}],"collection":[{"href":"https:\/\/demo.klient-z-internetu.pl\/twojaplatforma\/wp-json\/wp\/v2\/pages"}],"about":[{"href":"https:\/\/demo.klient-z-internetu.pl\/twojaplatforma\/wp-json\/wp\/v2\/types\/page"}],"author":[{"embeddable":true,"href":"https:\/\/demo.klient-z-internetu.pl\/twojaplatforma\/wp-json\/wp\/v2\/users\/1"}],"replies":[{"embeddable":true,"href":"https:\/\/demo.klient-z-internetu.pl\/twojaplatforma\/wp-json\/wp\/v2\/comments?post=279"}],"version-history":[{"count":7,"href":"https:\/\/demo.klient-z-internetu.pl\/twojaplatforma\/wp-json\/wp\/v2\/pages\/279\/revisions"}],"predecessor-version":[{"id":1909,"href":"https:\/\/demo.klient-z-internetu.pl\/twojaplatforma\/wp-json\/wp\/v2\/pages\/279\/revisions\/1909"}],"wp:attachment":[{"href":"https:\/\/demo.klient-z-internetu.pl\/twojaplatforma\/wp-json\/wp\/v2\/media?parent=279"}],"curies":[{"name":"wp","href":"https:\/\/api.w.org\/{rel}","templated":true}]}}